{"id":75,"date":"2019-07-04T09:02:32","date_gmt":"2019-07-04T07:02:32","guid":{"rendered":"https:\/\/mendozaasociados.com\/?page_id=75"},"modified":"2019-10-02T20:33:59","modified_gmt":"2019-10-02T18:33:59","slug":"seguros","status":"publish","type":"page","link":"https:\/\/mendozaasociados.com\/index.php\/seguros\/","title":{"rendered":"Seguros"},"content":{"rendered":"<p>[et_pb_section fb_built=\u00bb1&#8243; fullwidth=\u00bbon\u00bb admin_label=\u00bbHero Section\u00bb _builder_version=\u00bb3.25.3&#8243; background_image=\u00bbhttps:\/\/mendozaasociados.com\/wp-content\/uploads\/2019\/07\/law-firm-08.jpg\u00bb parallax=\u00bbon\u00bb animation_style=\u00bbfade\u00bb animation_starting_opacity=\u00bb87%\u00bb][et_pb_fullwidth_header title=\u00bbSeguros\u00bb subhead=\u00bbLo importante no es estar asegurado, sino estar %22bien%22 asegurado.\u00bb text_orientation=\u00bbcenter\u00bb header_fullscreen=\u00bbon\u00bb background_overlay_color=\u00bbrgba(49,62,71,0.8)\u00bb title_font_color=\u00bb#ffffff\u00bb subhead_font_color=\u00bb#ffffff\u00bb admin_label=\u00bbHero Area\u00bb _builder_version=\u00bb3.25.3&#8243; title_font=\u00bbPrata||||||||\u00bb title_text_color=\u00bb#ffffff\u00bb title_font_size=\u00bb70px\u00bb title_line_height=\u00bb1.6em\u00bb content_font=\u00bb||||||||\u00bb subhead_font=\u00bb|700|||||||\u00bb subhead_text_color=\u00bb#ffffff\u00bb subhead_letter_spacing=\u00bb4px\u00bb subhead_line_height=\u00bb3em\u00bb background_color=\u00bbrgba(255, 255, 255, 0)\u00bb background_position=\u00bbtop_left\u00bb background_repeat=\u00bbrepeat\u00bb border_color_all=\u00bbrgba(31,40,48,0.94)\u00bb border_width_left=\u00bb10vw\u00bb custom_button_one=\u00bbon\u00bb button_one_text_size=\u00bb13px\u00bb button_one_text_color=\u00bbrgba(0,0,0,0.8)\u00bb button_one_bg_color=\u00bb#ffba60&#8243; button_one_border_width=\u00bb12px\u00bb button_one_border_color=\u00bb#ffba60&#8243; button_one_border_radius=\u00bb0px\u00bb button_one_letter_spacing=\u00bb4px\u00bb button_one_font=\u00bb|700||on|||||\u00bb button_one_icon=\u00bb%%3%%\u00bb background_layout=\u00bblight\u00bb title_font_size_tablet=\u00bb40px\u00bb title_font_size_last_edited=\u00bbon|tablet\u00bb button_one_border_radius_hover=\u00bb0px\u00bb button_one_letter_spacing_hover=\u00bb4px\u00bb button_one_text_size__hover_enabled=\u00bboff\u00bb button_two_text_size__hover_enabled=\u00bboff\u00bb button_one_text_color__hover_enabled=\u00bboff\u00bb button_two_text_color__hover_enabled=\u00bboff\u00bb button_one_border_width__hover_enabled=\u00bboff\u00bb button_two_border_width__hover_enabled=\u00bboff\u00bb button_one_border_color__hover_enabled=\u00bboff\u00bb button_two_border_color__hover_enabled=\u00bboff\u00bb button_one_border_radius__hover_enabled=\u00bbon\u00bb button_one_border_radius__hover=\u00bb0px\u00bb button_two_border_radius__hover_enabled=\u00bboff\u00bb button_one_letter_spacing__hover_enabled=\u00bbon\u00bb button_one_letter_spacing__hover=\u00bb4px\u00bb button_two_letter_spacing__hover_enabled=\u00bboff\u00bb button_one_bg_color__hover_enabled=\u00bboff\u00bb button_two_bg_color__hover_enabled=\u00bboff\u00bb][\/et_pb_fullwidth_header][\/et_pb_section][et_pb_section fb_built=\u00bb1&#8243; admin_label=\u00bbQuote Section\u00bb _builder_version=\u00bb3.25.3&#8243; border_color_all=\u00bbrgba(224,43,32,0.6)\u00bb border_width_right=\u00bb8vw\u00bb custom_padding=\u00bb110px|0px|110px|0px\u00bb][et_pb_row admin_label=\u00bbQuote Area\u00bb _builder_version=\u00bb3.25&#8243; animation_style=\u00bbslide\u00bb animation_direction=\u00bbright\u00bb animation_intensity_slide=\u00bb2%\u00bb][et_pb_column type=\u00bb4_4&#8243; _builder_version=\u00bb3.25&#8243; custom_padding=\u00bb|||\u00bb custom_padding__hover=\u00bb|||\u00bb][et_pb_text _builder_version=\u00bb3.25.3&#8243; text_font=\u00bbPrata||||||||\u00bb text_font_size=\u00bb24px\u00bb text_letter_spacing=\u00bb1px\u00bb text_line_height=\u00bb1.8em\u00bb header_font=\u00bb||||||||\u00bb border_color_all=\u00bb#313e47&#8243; border_width_left=\u00bb10px\u00bb max_width=\u00bb700px\u00bb module_alignment=\u00bbcenter\u00bb custom_margin=\u00bb|||\u00bb custom_padding=\u00bb|||30px\u00bb animation_style=\u00bbflip\u00bb animation_intensity_flip=\u00bb5%\u00bb animation_starting_opacity=\u00bb100%\u00bb]<\/p>\n<p style=\"text-align: left;\">Para conseguir una adecuada previsi\u00f3n ante cualquier eventualidad es necesario conocer el riesgo al que estamos sujetos, para poder determinar el capital necesario a cubrir y evitar as\u00ed disminuciones del patrimonio.<\/p>\n<p style=\"text-align: left;\">Seleccionamos la p\u00f3liza que mejor se adapte a sus necesidades.<\/p>\n<p style=\"text-align: left;\">En caso de siniestro recibir\u00e1 el asesoramiento necesario para lograr una r\u00e1pida soluci\u00f3n.<\/p>\n<p>[\/et_pb_text][\/et_pb_column][\/et_pb_row][\/et_pb_section][et_pb_section fb_built=\u00bb1&#8243; admin_label=\u00bbWelcome Section\u00bb _builder_version=\u00bb3.25.3&#8243; background_color=\u00bb#f7f7f7&#8243; border_color_all=\u00bb#e02b20&#8243; border_width_right=\u00bb8vw\u00bb custom_margin=\u00bb|||\u00bb custom_padding=\u00bb110px||110px|\u00bb][et_pb_row admin_label=\u00bbWelcome Area\u00bb _builder_version=\u00bb3.25&#8243;][et_pb_column type=\u00bb4_4&#8243; _builder_version=\u00bb3.25&#8243; custom_padding=\u00bb|||\u00bb custom_padding__hover=\u00bb|||\u00bb][et_pb_text admin_label=\u00bbTitle\u00bb _builder_version=\u00bb3.25.3&#8243; text_font=\u00bb||||||||\u00bb header_font=\u00bb||||||||\u00bb header_2_font=\u00bbPrata||||||||\u00bb header_2_text_align=\u00bbcenter\u00bb header_2_font_size=\u00bb48px\u00bb header_2_line_height=\u00bb1.6em\u00bb custom_margin=\u00bb||10px|\u00bb custom_padding=\u00bb|||\u00bb animation_style=\u00bbfade\u00bb header_2_font_size_tablet=\u00bb40px\u00bb header_2_font_size_last_edited=\u00bbon|tablet\u00bb]<\/p>\n<h2>Su seguridad, es nuestra prioridad.<\/h2>\n<p>[\/et_pb_text][et_pb_divider color=\u00bb#ffa40d\u00bb divider_position=\u00bbcenter\u00bb divider_weight=\u00bb3px\u00bb _builder_version=\u00bb3.2&#8243; max_width=\u00bb70px\u00bb module_alignment=\u00bbcenter\u00bb animation_style=\u00bbslide\u00bb animation_direction=\u00bbtop\u00bb animation_intensity_slide=\u00bb10%\u00bb animation_starting_opacity=\u00bb100%\u00bb][\/et_pb_divider][\/et_pb_column][\/et_pb_row][et_pb_row custom_margin=\u00bb|||\u00bb admin_label=\u00bbWelcome Area\u00bb _builder_version=\u00bb3.25&#8243;][et_pb_column type=\u00bb4_4&#8243; _builder_version=\u00bb3.25&#8243; custom_padding=\u00bb|||\u00bb custom_padding__hover=\u00bb|||\u00bb][et_pb_image src=\u00bbhttps:\/\/mendozaasociados.com\/wp-content\/uploads\/2019\/10\/union-alcoyana.png\u00bb show_bottom_space=\u00bboff\u00bb align=\u00bbcenter\u00bb align_tablet=\u00bbcenter\u00bb align_last_edited=\u00bbon|desktop\u00bb _builder_version=\u00bb3.25.3&#8243; border_width_all=\u00bb15px\u00bb border_color_all=\u00bb#adadad\u00bb box_shadow_style=\u00bbpreset2&#8243; box_shadow_horizontal=\u00bb0px\u00bb box_shadow_vertical=\u00bb15px\u00bb box_shadow_blur=\u00bb60px\u00bb box_shadow_color=\u00bbrgba(29,61,71,0.2)\u00bb transform_scale=\u00bb120%|120%\u00bb min_height=\u00bb168px\u00bb custom_margin=\u00bb|||\u00bb animation_style=\u00bbslide\u00bb animation_direction=\u00bbleft\u00bb animation_intensity_slide=\u00bb2%\u00bb][\/et_pb_image][et_pb_text _builder_version=\u00bb3.25.3&#8243; text_font=\u00bb||||||||\u00bb text_font_size=\u00bb16px\u00bb text_line_height=\u00bb2em\u00bb header_font=\u00bb||||||||\u00bb min_height=\u00bb523px\u00bb custom_padding=\u00bb71px|||||\u00bb animation_style=\u00bbfold\u00bb animation_direction=\u00bbleft\u00bb animation_intensity_fold=\u00bb5%\u00bb animation_starting_opacity=\u00bb100%\u00bb]<\/p>\n<h3><span style=\"color: #000000;\"><strong>Tipos de seguros:<\/strong><\/span><\/h3>\n<p><span style=\"color: #000000;\"><strong><\/strong><\/span><\/p>\n<p><span style=\"color: #000000;\"><strong><\/strong><\/span><\/p>\n<p><span style=\"color: #000000;\"><strong>Uni\u00f3n accidentes:<\/strong> <span style=\"color: #808080;\">sirve para evitar trastornos econ\u00f3micos importantes al asegurado, su familia y a su empresa, liberando los posibles compromisos econ\u00f3micos existentes.<\/span><\/span><\/p>\n<p><strong><span style=\"color: #000000;\">Uni\u00f3n comunidades:<\/span><\/strong><\/p>\n<p><strong><span style=\"color: #000000;\">Uni\u00f3n hogar: <\/span><\/strong>el hogar forma parte de nuestra vida y nuestro patrimonio, todo en \u00e9l tiene valor, y por eso debe protegerse con todas las garant\u00edas.<\/p>\n<p><strong><span style=\"color: #000000;\">Uni\u00f3n decesos:<\/span><\/strong><\/p>\n<p><strong><span style=\"color: #000000;\">Uni\u00f3n autos:<\/span><\/strong> <span style=\"color: #000000;\"><span style=\"color: #001000;\" color=\"#001000\">s<\/span><\/span>eguro obligatorio necesario para poder circular.<\/p>\n<p><strong><span style=\"color: #000000;\">Comercio Plus:<\/span><\/strong><\/p>\n<p><strong><span style=\"color: #000000;\">PYME Plus:<\/span><\/strong> coberturas imprescindibles para la seguridad de su empresa, incendio \/ robo \/ da\u00f1os por aguas&#8230;<\/p>\n<p><strong><span style=\"color: #000000;\">Ciber protecci\u00f3n:<\/span><\/strong><\/p>\n<p><strong><span style=\"color: #000000;\">Todo riesgo construcci\u00f3n:<\/span><\/strong><\/p>\n<p><strong><span style=\"color: #000000;\">Embarcaciones:<\/span><\/strong><\/p>\n<p><strong><span style=\"color: #000000;\">Cazadores:<\/span><\/strong><\/p>\n<p><strong><span style=\"color: #000000;\">Decenal:<\/span><\/strong><\/p>\n<p><strong><span style=\"color: #000000;\">Responsabilidad civil: <\/span><\/strong>por da\u00f1os causados a terceros. La reclamaci\u00f3n de da\u00f1os derivada de la responsabilidad civil no s\u00f3lo compromete el patrimonio actual, sino tambi\u00e9n el futuro econ\u00f3mico de la empresa y sus colaboradores.<\/p>\n<p>[\/et_pb_text][\/et_pb_column][\/et_pb_row][\/et_pb_section][et_pb_section fb_built=\u00bb1&#8243; admin_label=\u00bbCTA Section\u00bb _builder_version=\u00bb3.22.3&#8243; use_background_color_gradient=\u00bbon\u00bb background_color_gradient_start=\u00bb#313e47&#8243; background_color_gradient_end=\u00bbrgba(49,62,71,0.5)\u00bb background_color_gradient_overlays_image=\u00bbon\u00bb background_image=\u00bbhttps:\/\/mendozaasociados.com\/wp-content\/uploads\/2019\/07\/law-firm-01.jpg\u00bb border_color_all=\u00bb#26333a\u00bb border_width_left=\u00bb8vw\u00bb custom_padding=\u00bb160px|0px|160px|\u00bb][et_pb_row column_structure=\u00bb2_3,1_3&#8243; use_custom_gutter=\u00bbon\u00bb custom_padding=\u00bb27px|0px|0px|0px\u00bb admin_label=\u00bbCTA Area\u00bb _builder_version=\u00bb3.25&#8243;][et_pb_column type=\u00bb2_3&#8243; _builder_version=\u00bb3.25&#8243; custom_padding=\u00bb|||\u00bb custom_padding__hover=\u00bb|||\u00bb][et_pb_text admin_label=\u00bbTitle\u00bb _builder_version=\u00bb3.25.3&#8243; text_font=\u00bb||||||||\u00bb header_font=\u00bb||||||||\u00bb header_2_font=\u00bbPrata||||||||\u00bb header_2_font_size=\u00bb48px\u00bb header_2_line_height=\u00bb1.6em\u00bb background_layout=\u00bbdark\u00bb module_alignment=\u00bbcenter\u00bb custom_margin=\u00bb|||\u00bb custom_padding=\u00bb|||\u00bb]<\/p>\n<h2>\u00bfNecesita un seguro?<\/h2>\n<p>[\/et_pb_text][\/et_pb_column][et_pb_column type=\u00bb1_3&#8243; _builder_version=\u00bb3.25&#8243; custom_padding=\u00bb|||\u00bb custom_padding__hover=\u00bb|||\u00bb][\/et_pb_column][\/et_pb_row][et_pb_row column_structure=\u00bb2_3,1_3&#8243; use_custom_gutter=\u00bbon\u00bb custom_padding=\u00bb0px|0px|27px|0px\u00bb admin_label=\u00bbCTA Area\u00bb _builder_version=\u00bb3.25&#8243;][et_pb_column type=\u00bb2_3&#8243; _builder_version=\u00bb3.25&#8243; custom_padding=\u00bb|||\u00bb custom_padding__hover=\u00bb|||\u00bb][et_pb_text _builder_version=\u00bb3.25.3&#8243; text_font=\u00bb||||||||\u00bb text_font_size=\u00bb18px\u00bb text_line_height=\u00bb1.8em\u00bb background_layout=\u00bbdark\u00bb max_width=\u00bb80%\u00bb animation_direction=\u00bbleft\u00bb]<\/p>\n<p>Seguro que s\u00ed! Todos necesitamos seguro, clica en contacto y hablamos!<\/p>\n<p>[\/et_pb_text][\/et_pb_column][et_pb_column type=\u00bb1_3&#8243; _builder_version=\u00bb3.25&#8243; custom_padding=\u00bb|||\u00bb custom_padding__hover=\u00bb|||\u00bb][et_pb_button button_url=\u00bbhttps:\/\/mendozaasociados.com\/index.php\/contacto\/\u00bb button_text=\u00bbContacto\u00bb _builder_version=\u00bb3.25.3&#8243; custom_button=\u00bbon\u00bb button_text_size=\u00bb14px\u00bb button_text_color=\u00bb#ffba60&#8243; button_border_width=\u00bb2px\u00bb button_border_color=\u00bbrgba(255,164,13,0.4)\u00bb button_border_radius=\u00bb0px\u00bb button_letter_spacing=\u00bb4px\u00bb button_font=\u00bb|700||on|||||\u00bb button_icon=\u00bb%%3%%\u00bb custom_margin=\u00bb10px|||\u00bb custom_padding=\u00bb10px||10px|\u00bb animation_style=\u00bbfade\u00bb animation_direction=\u00bbright\u00bb button_bg_color_hover=\u00bbrgba(0,0,0,0)\u00bb button_text_size__hover_enabled=\u00bboff\u00bb button_one_text_size__hover_enabled=\u00bboff\u00bb button_two_text_size__hover_enabled=\u00bboff\u00bb button_text_color__hover_enabled=\u00bboff\u00bb button_one_text_color__hover_enabled=\u00bboff\u00bb button_two_text_color__hover_enabled=\u00bboff\u00bb button_border_width__hover_enabled=\u00bboff\u00bb button_one_border_width__hover_enabled=\u00bboff\u00bb button_two_border_width__hover_enabled=\u00bboff\u00bb button_border_color__hover_enabled=\u00bboff\u00bb button_one_border_color__hover_enabled=\u00bboff\u00bb button_two_border_color__hover_enabled=\u00bboff\u00bb button_border_radius__hover_enabled=\u00bboff\u00bb button_one_border_radius__hover_enabled=\u00bboff\u00bb button_two_border_radius__hover_enabled=\u00bboff\u00bb button_letter_spacing__hover_enabled=\u00bboff\u00bb button_one_letter_spacing__hover_enabled=\u00bboff\u00bb button_two_letter_spacing__hover_enabled=\u00bboff\u00bb button_bg_color__hover_enabled=\u00bbon\u00bb button_bg_color__hover=\u00bbrgba(0,0,0,0)\u00bb button_one_bg_color__hover_enabled=\u00bboff\u00bb button_two_bg_color__hover_enabled=\u00bboff\u00bb][\/et_pb_button][\/et_pb_column][\/et_pb_row][\/et_pb_section]<\/p>\n","protected":false},"excerpt":{"rendered":"<p>[et_pb_section fb_built=\u00bb1&#8243; fullwidth=\u00bbon\u00bb admin_label=\u00bbHero Section\u00bb _builder_version=\u00bb3.25.3&#8243; background_image=\u00bbhttps:\/\/mendozaasociados.com\/wp-content\/uploads\/2019\/07\/law-firm-08.jpg\u00bb parallax=\u00bbon\u00bb animation_style=\u00bbfade\u00bb animation_starting_opacity=\u00bb87%\u00bb][et_pb_fullwidth_header title=\u00bbSeguros\u00bb subhead=\u00bbLo importante no es estar asegurado, sino estar %22bien%22 asegurado.\u00bb text_orientation=\u00bbcenter\u00bb header_fullscreen=\u00bbon\u00bb background_overlay_color=\u00bbrgba(49,62,71,0.8)\u00bb title_font_color=\u00bb#ffffff\u00bb subhead_font_color=\u00bb#ffffff\u00bb admin_label=\u00bbHero Area\u00bb _builder_version=\u00bb3.25.3&#8243; title_font=\u00bbPrata||||||||\u00bb title_text_color=\u00bb#ffffff\u00bb title_font_size=\u00bb70px\u00bb title_line_height=\u00bb1.6em\u00bb content_font=\u00bb||||||||\u00bb subhead_font=\u00bb|700|||||||\u00bb subhead_text_color=\u00bb#ffffff\u00bb subhead_letter_spacing=\u00bb4px\u00bb subhead_line_height=\u00bb3em\u00bb background_color=\u00bbrgba(255, 255, 255, 0)\u00bb background_position=\u00bbtop_left\u00bb background_repeat=\u00bbrepeat\u00bb border_color_all=\u00bbrgba(31,40,48,0.94)\u00bb border_width_left=\u00bb10vw\u00bb custom_button_one=\u00bbon\u00bb button_one_text_size=\u00bb13px\u00bb button_one_text_color=\u00bbrgba(0,0,0,0.8)\u00bb button_one_bg_color=\u00bb#ffba60&#8243; button_one_border_width=\u00bb12px\u00bb button_one_border_color=\u00bb#ffba60&#8243; button_one_border_radius=\u00bb0px\u00bb button_one_letter_spacing=\u00bb4px\u00bb button_one_font=\u00bb|700||on|||||\u00bb [&hellip;]<\/p>\n","protected":false},"author":1,"featured_media":0,"parent":0,"menu_order":0,"comment_status":"closed","ping_status":"closed","template":"","meta":{"_et_pb_use_builder":"on","_et_pb_old_content":"","_mi_skip_tracking":false},"yoast_head":"<!-- This site is optimized with the Yoast SEO plugin v20.0 - https:\/\/yoast.com\/wordpress\/plugins\/seo\/ -->\n<title>Seguros - Mendoza Asociados<\/title>\n<meta name=\"robots\" content=\"index, follow, max-snippet:-1, max-image-preview:large, max-video-preview:-1\" \/>\n<link rel=\"canonical\" href=\"https:\/\/mendozaasociados.com\/index.php\/seguros\/\" \/>\n<meta property=\"og:locale\" content=\"es_ES\" \/>\n<meta property=\"og:type\" content=\"article\" \/>\n<meta property=\"og:title\" content=\"Seguros - Mendoza Asociados\" \/>\n<meta property=\"og:description\" content=\"[et_pb_section fb_built=\u00bb1&#8243; fullwidth=\u00bbon\u00bb admin_label=\u00bbHero Section\u00bb _builder_version=\u00bb3.25.3&#8243; background_image=\u00bbhttps:\/\/mendozaasociados.com\/wp-content\/uploads\/2019\/07\/law-firm-08.jpg\u00bb parallax=\u00bbon\u00bb animation_style=\u00bbfade\u00bb animation_starting_opacity=\u00bb87%\u00bb][et_pb_fullwidth_header title=\u00bbSeguros\u00bb subhead=\u00bbLo importante no es estar asegurado, sino estar %22bien%22 asegurado.\u00bb text_orientation=\u00bbcenter\u00bb header_fullscreen=\u00bbon\u00bb background_overlay_color=\u00bbrgba(49,62,71,0.8)\u00bb title_font_color=\u00bb#ffffff\u00bb subhead_font_color=\u00bb#ffffff\u00bb admin_label=\u00bbHero Area\u00bb _builder_version=\u00bb3.25.3&#8243; title_font=\u00bbPrata||||||||\u00bb title_text_color=\u00bb#ffffff\u00bb title_font_size=\u00bb70px\u00bb title_line_height=\u00bb1.6em\u00bb content_font=\u00bb||||||||\u00bb subhead_font=\u00bb|700|||||||\u00bb subhead_text_color=\u00bb#ffffff\u00bb subhead_letter_spacing=\u00bb4px\u00bb subhead_line_height=\u00bb3em\u00bb background_color=\u00bbrgba(255, 255, 255, 0)\u00bb background_position=\u00bbtop_left\u00bb background_repeat=\u00bbrepeat\u00bb border_color_all=\u00bbrgba(31,40,48,0.94)\u00bb border_width_left=\u00bb10vw\u00bb custom_button_one=\u00bbon\u00bb button_one_text_size=\u00bb13px\u00bb button_one_text_color=\u00bbrgba(0,0,0,0.8)\u00bb button_one_bg_color=\u00bb#ffba60&#8243; button_one_border_width=\u00bb12px\u00bb button_one_border_color=\u00bb#ffba60&#8243; button_one_border_radius=\u00bb0px\u00bb button_one_letter_spacing=\u00bb4px\u00bb button_one_font=\u00bb|700||on|||||\u00bb [&hellip;]\" \/>\n<meta property=\"og:url\" content=\"https:\/\/mendozaasociados.com\/index.php\/seguros\/\" \/>\n<meta property=\"og:site_name\" content=\"Mendoza Asociados\" \/>\n<meta property=\"article:publisher\" content=\"https:\/\/www.facebook.com\/asesoriamendoza\/\" \/>\n<meta property=\"article:modified_time\" content=\"2019-10-02T18:33:59+00:00\" \/>\n<meta name=\"twitter:card\" content=\"summary_large_image\" \/>\n<meta name=\"twitter:label1\" content=\"Tiempo de lectura\" \/>\n\t<meta name=\"twitter:data1\" content=\"7 minutos\" \/>\n<script type=\"application\/ld+json\" class=\"yoast-schema-graph\">{\"@context\":\"https:\/\/schema.org\",\"@graph\":[{\"@type\":\"WebPage\",\"@id\":\"https:\/\/mendozaasociados.com\/index.php\/seguros\/\",\"url\":\"https:\/\/mendozaasociados.com\/index.php\/seguros\/\",\"name\":\"Seguros - Mendoza Asociados\",\"isPartOf\":{\"@id\":\"https:\/\/mendozaasociados.com\/#website\"},\"datePublished\":\"2019-07-04T07:02:32+00:00\",\"dateModified\":\"2019-10-02T18:33:59+00:00\",\"breadcrumb\":{\"@id\":\"https:\/\/mendozaasociados.com\/index.php\/seguros\/#breadcrumb\"},\"inLanguage\":\"es\",\"potentialAction\":[{\"@type\":\"ReadAction\",\"target\":[\"https:\/\/mendozaasociados.com\/index.php\/seguros\/\"]}]},{\"@type\":\"BreadcrumbList\",\"@id\":\"https:\/\/mendozaasociados.com\/index.php\/seguros\/#breadcrumb\",\"itemListElement\":[{\"@type\":\"ListItem\",\"position\":1,\"name\":\"Portada\",\"item\":\"https:\/\/mendozaasociados.com\/\"},{\"@type\":\"ListItem\",\"position\":2,\"name\":\"Seguros\"}]},{\"@type\":\"WebSite\",\"@id\":\"https:\/\/mendozaasociados.com\/#website\",\"url\":\"https:\/\/mendozaasociados.com\/\",\"name\":\"Mendoza Asesores\",\"description\":\"Pagina enfocada al asesoramiento tanto privado como a empresas\",\"publisher\":{\"@id\":\"https:\/\/mendozaasociados.com\/#organization\"},\"potentialAction\":[{\"@type\":\"SearchAction\",\"target\":{\"@type\":\"EntryPoint\",\"urlTemplate\":\"https:\/\/mendozaasociados.com\/?s={search_term_string}\"},\"query-input\":\"required name=search_term_string\"}],\"inLanguage\":\"es\"},{\"@type\":\"Organization\",\"@id\":\"https:\/\/mendozaasociados.com\/#organization\",\"name\":\"Mendoza Asesores\",\"url\":\"https:\/\/mendozaasociados.com\/\",\"logo\":{\"@type\":\"ImageObject\",\"inLanguage\":\"es\",\"@id\":\"https:\/\/mendozaasociados.com\/#\/schema\/logo\/image\/\",\"url\":\"https:\/\/mendozaasociados.com\/wp-content\/uploads\/2019\/07\/29572498_1142685122534687_1686183269113940605_n.jpg\",\"contentUrl\":\"https:\/\/mendozaasociados.com\/wp-content\/uploads\/2019\/07\/29572498_1142685122534687_1686183269113940605_n.jpg\",\"width\":480,\"height\":242,\"caption\":\"Mendoza Asesores\"},\"image\":{\"@id\":\"https:\/\/mendozaasociados.com\/#\/schema\/logo\/image\/\"},\"sameAs\":[\"https:\/\/www.facebook.com\/asesoriamendoza\/\"]}]}<\/script>\n<!-- \/ Yoast SEO plugin. -->","yoast_head_json":{"title":"Seguros - Mendoza Asociados","robots":{"index":"index","follow":"follow","max-snippet":"max-snippet:-1","max-image-preview":"max-image-preview:large","max-video-preview":"max-video-preview:-1"},"canonical":"https:\/\/mendozaasociados.com\/index.php\/seguros\/","og_locale":"es_ES","og_type":"article","og_title":"Seguros - Mendoza Asociados","og_description":"[et_pb_section fb_built=\u00bb1&#8243; fullwidth=\u00bbon\u00bb admin_label=\u00bbHero Section\u00bb _builder_version=\u00bb3.25.3&#8243; background_image=\u00bbhttps:\/\/mendozaasociados.com\/wp-content\/uploads\/2019\/07\/law-firm-08.jpg\u00bb parallax=\u00bbon\u00bb animation_style=\u00bbfade\u00bb animation_starting_opacity=\u00bb87%\u00bb][et_pb_fullwidth_header title=\u00bbSeguros\u00bb subhead=\u00bbLo importante no es estar asegurado, sino estar %22bien%22 asegurado.\u00bb text_orientation=\u00bbcenter\u00bb header_fullscreen=\u00bbon\u00bb background_overlay_color=\u00bbrgba(49,62,71,0.8)\u00bb title_font_color=\u00bb#ffffff\u00bb subhead_font_color=\u00bb#ffffff\u00bb admin_label=\u00bbHero Area\u00bb _builder_version=\u00bb3.25.3&#8243; title_font=\u00bbPrata||||||||\u00bb title_text_color=\u00bb#ffffff\u00bb title_font_size=\u00bb70px\u00bb title_line_height=\u00bb1.6em\u00bb content_font=\u00bb||||||||\u00bb subhead_font=\u00bb|700|||||||\u00bb subhead_text_color=\u00bb#ffffff\u00bb subhead_letter_spacing=\u00bb4px\u00bb subhead_line_height=\u00bb3em\u00bb background_color=\u00bbrgba(255, 255, 255, 0)\u00bb background_position=\u00bbtop_left\u00bb background_repeat=\u00bbrepeat\u00bb border_color_all=\u00bbrgba(31,40,48,0.94)\u00bb border_width_left=\u00bb10vw\u00bb custom_button_one=\u00bbon\u00bb button_one_text_size=\u00bb13px\u00bb button_one_text_color=\u00bbrgba(0,0,0,0.8)\u00bb button_one_bg_color=\u00bb#ffba60&#8243; button_one_border_width=\u00bb12px\u00bb button_one_border_color=\u00bb#ffba60&#8243; button_one_border_radius=\u00bb0px\u00bb button_one_letter_spacing=\u00bb4px\u00bb button_one_font=\u00bb|700||on|||||\u00bb [&hellip;]","og_url":"https:\/\/mendozaasociados.com\/index.php\/seguros\/","og_site_name":"Mendoza Asociados","article_publisher":"https:\/\/www.facebook.com\/asesoriamendoza\/","article_modified_time":"2019-10-02T18:33:59+00:00","twitter_card":"summary_large_image","twitter_misc":{"Tiempo de lectura":"7 minutos"},"schema":{"@context":"https:\/\/schema.org","@graph":[{"@type":"WebPage","@id":"https:\/\/mendozaasociados.com\/index.php\/seguros\/","url":"https:\/\/mendozaasociados.com\/index.php\/seguros\/","name":"Seguros - Mendoza Asociados","isPartOf":{"@id":"https:\/\/mendozaasociados.com\/#website"},"datePublished":"2019-07-04T07:02:32+00:00","dateModified":"2019-10-02T18:33:59+00:00","breadcrumb":{"@id":"https:\/\/mendozaasociados.com\/index.php\/seguros\/#breadcrumb"},"inLanguage":"es","potentialAction":[{"@type":"ReadAction","target":["https:\/\/mendozaasociados.com\/index.php\/seguros\/"]}]},{"@type":"BreadcrumbList","@id":"https:\/\/mendozaasociados.com\/index.php\/seguros\/#breadcrumb","itemListElement":[{"@type":"ListItem","position":1,"name":"Portada","item":"https:\/\/mendozaasociados.com\/"},{"@type":"ListItem","position":2,"name":"Seguros"}]},{"@type":"WebSite","@id":"https:\/\/mendozaasociados.com\/#website","url":"https:\/\/mendozaasociados.com\/","name":"Mendoza Asesores","description":"Pagina enfocada al asesoramiento tanto privado como a empresas","publisher":{"@id":"https:\/\/mendozaasociados.com\/#organization"},"potentialAction":[{"@type":"SearchAction","target":{"@type":"EntryPoint","urlTemplate":"https:\/\/mendozaasociados.com\/?s={search_term_string}"},"query-input":"required name=search_term_string"}],"inLanguage":"es"},{"@type":"Organization","@id":"https:\/\/mendozaasociados.com\/#organization","name":"Mendoza Asesores","url":"https:\/\/mendozaasociados.com\/","logo":{"@type":"ImageObject","inLanguage":"es","@id":"https:\/\/mendozaasociados.com\/#\/schema\/logo\/image\/","url":"https:\/\/mendozaasociados.com\/wp-content\/uploads\/2019\/07\/29572498_1142685122534687_1686183269113940605_n.jpg","contentUrl":"https:\/\/mendozaasociados.com\/wp-content\/uploads\/2019\/07\/29572498_1142685122534687_1686183269113940605_n.jpg","width":480,"height":242,"caption":"Mendoza Asesores"},"image":{"@id":"https:\/\/mendozaasociados.com\/#\/schema\/logo\/image\/"},"sameAs":["https:\/\/www.facebook.com\/asesoriamendoza\/"]}]}},"_links":{"self":[{"href":"https:\/\/mendozaasociados.com\/index.php\/wp-json\/wp\/v2\/pages\/75"}],"collection":[{"href":"https:\/\/mendozaasociados.com\/index.php\/wp-json\/wp\/v2\/pages"}],"about":[{"href":"https:\/\/mendozaasociados.com\/index.php\/wp-json\/wp\/v2\/types\/page"}],"author":[{"embeddable":true,"href":"https:\/\/mendozaasociados.com\/index.php\/wp-json\/wp\/v2\/users\/1"}],"replies":[{"embeddable":true,"href":"https:\/\/mendozaasociados.com\/index.php\/wp-json\/wp\/v2\/comments?post=75"}],"version-history":[{"count":14,"href":"https:\/\/mendozaasociados.com\/index.php\/wp-json\/wp\/v2\/pages\/75\/revisions"}],"predecessor-version":[{"id":266,"href":"https:\/\/mendozaasociados.com\/index.php\/wp-json\/wp\/v2\/pages\/75\/revisions\/266"}],"wp:attachment":[{"href":"https:\/\/mendozaasociados.com\/index.php\/wp-json\/wp\/v2\/media?parent=75"}],"curies":[{"name":"wp","href":"https:\/\/api.w.org\/{rel}","templated":true}]}}